{"id":34,"date":"2014-05-05T11:27:09","date_gmt":"2014-05-05T11:27:09","guid":{"rendered":"http:\/\/ipariparkblog.hu\/en\/?page_id=34"},"modified":"2016-05-05T11:29:05","modified_gmt":"2016-05-05T11:29:05","slug":"park-of-complexe-opportunities","status":"publish","type":"page","link":"http:\/\/ipariparkblog.hu\/en\/archive\/park-of-complexe-opportunities\/","title":{"rendered":"Park of complexe opportunities"},"content":{"rendered":"<div id=\"jobboldal\">\n<div id=\"jobboldal_tartalom\">\n<div style=\"float: right;\"><\/div>\n<p><a href=\"http:\/\/ipariparkblog.hu\/en\/wp-content\/uploads\/sites\/4\/2014\/05\/cikk12.jpg\"><img decoding=\"async\" loading=\"lazy\" class=\"size-medium wp-image-39 alignleft\" src=\"http:\/\/ipariparkblog.hu\/en\/wp-content\/uploads\/sites\/4\/2014\/05\/cikk12-256x300.jpg\" alt=\"cikk12\" width=\"256\" height=\"300\" srcset=\"https:\/\/ipariparkblog.hu\/en\/wp-content\/uploads\/sites\/4\/2014\/05\/cikk12-256x300.jpg 256w, https:\/\/ipariparkblog.hu\/en\/wp-content\/uploads\/sites\/4\/2014\/05\/cikk12.jpg 328w\" sizes=\"(max-width: 256px) 100vw, 256px\" \/><\/a>A new settling wave can be expected in the Gima Szolnok Industry Park where 32 companies have already been settled. Though there is an area with silimar function on the southern part of the city the opportunities have not been exploited yet. Many people have great expectations concerning the 40 ha which is ths so-called development area of the Szolnok Ipari Park Kft. One of these people is L\u00e1szl\u00f3 Ko\u00f3s, managing director of GIMA who counts on good traffic and geographical situation. It is a fact, that the triangular area between Nagys\u00e1ndor J\u00f3zsef utca and \u00dajsz\u00e1szi \u00fat has many facilities. The old road Nr. 4 is close, and the join of M4 and M8 highways under construction will be 4 km far from this park of 100 ha. You can reach the motorway M3 direction Graz, R\u00e1baf\u00fczes, Veszpr\u00e9m, Duna\u00fajv\u00e1ros, Kecskem\u00e9t and Eger on motorway.<\/p>\n<p>Ferihegy airport which is situated 75 km far from here can be reached in 50 minutes, and two other airports are even closer. One of these is suitable for starting and landing of smaller airplanes and the larger military airport with concreted flight-strip operating day and night is also suitable for larger machines upon former notification. The area disposes all of the facilities which make Szolnok to one of the logistic sub-centres of Hungary. One of the largest railway junction can be fouund in the city. Most of the goods going to Ukraine and Russia will be taken over here and passenger and freight trains in direction Balkan and Eastern Europe start also from here. Further advantage is Tisza which is a third category riverway. The issue of the Main can be reached along the Danube and the Main, and in southern direction the Black Sea can be reached as well.<\/p>\n<p>Besides logistic points of view own opportunities of the industrial park are also important. The managing director emphasizes that undertakings are received not even with fully improved sites. It is natural that water, gas, electricity and canal are already available or will be available by settlement owing to continuous development, but also infrastructural network and optical wires are laid down. The Kft. offers its services on market prices (banking, postal servcices, event organisation, interpreting) which are generally used by the partners.<\/p>\n<div style=\"float: left;\"><\/div>\n<p>Owing to its approved local partners, the GIMA Szolnoki Ipari Park Kft. renders help to setting companies even by planing and implementing, and if required also by operation. Besides the management is also working on acquisition of resources required to investments. They try to use the opportunity that industrial park developments in this area may receive the largest subventions under the seven domestic regions within \u00c9szak-Alf\u00f6ldi Operative Program.<\/p>\n<p>Alltogether 39 regular, square sites of half and one hectare can be formed. This means at farthest so many companies can settle here, but sites can be merged, therefore final number can be even smaller. In the sight of L\u00e1szl\u00f3 Ko\u00f3s 1400 workers are already working on the area which can have a brilliant future. Opportunities are good because logistic facilities are excellent and newcomers can have highly qualified employees locally. Furthermore, workers can participate on useful trainings and retrainings concerning market activity. According to his estimations a yearly turnower of HUF 10 billion can be reached by undertakings in the industrial park. Different companies can be found here: representatives of timber industry, tool engineering, paper converting, commercial, glue manufacturer and car distributor industry and non-ferrous metal exploiter and air condigion service can be also found here. Under well-known companies can be found J\u00e1szkun Vol\u00e1n and B\u00e9res Pharamaceutical Enterprise. The managing director emphasizes that protection of the environment is realised not even by changing the uncultivated wooded area by a replacement wood, but also in every other aspects. Settled companies purpose building-up a closed technology system for utilization of rubbish issued between incoming of raw material and outgoing of end-product.<\/p>\n<\/div>\n<\/div>\n","protected":false},"excerpt":{"rendered":"<p>A new settling wave can be expected in the Gima Szolnok Industry Park where 32 companies have already been settled. Though there is an area with silimar function on the southern part of the city the opportunities have not been &hellip; <a href=\"http:\/\/ipariparkblog.hu\/en\/archive\/park-of-complexe-opportunities\/\">Continue reading <span class=\"meta-nav\">&rarr;<\/span><\/a><\/p>\n","protected":false},"author":8,"featured_media":0,"parent":14,"menu_order":100,"comment_status":"open","ping_status":"closed","template":"","meta":{"_mi_skip_tracking":false},"_links":{"self":[{"href":"http:\/\/ipariparkblog.hu\/en\/wp-json\/wp\/v2\/pages\/34"}],"collection":[{"href":"http:\/\/ipariparkblog.hu\/en\/wp-json\/wp\/v2\/pages"}],"about":[{"href":"http:\/\/ipariparkblog.hu\/en\/wp-json\/wp\/v2\/types\/page"}],"author":[{"embeddable":true,"href":"http:\/\/ipariparkblog.hu\/en\/wp-json\/wp\/v2\/users\/8"}],"replies":[{"embeddable":true,"href":"http:\/\/ipariparkblog.hu\/en\/wp-json\/wp\/v2\/comments?post=34"}],"version-history":[{"count":4,"href":"http:\/\/ipariparkblog.hu\/en\/wp-json\/wp\/v2\/pages\/34\/revisions"}],"predecessor-version":[{"id":138,"href":"http:\/\/ipariparkblog.hu\/en\/wp-json\/wp\/v2\/pages\/34\/revisions\/138"}],"up":[{"embeddable":true,"href":"http:\/\/ipariparkblog.hu\/en\/wp-json\/wp\/v2\/pages\/14"}],"wp:attachment":[{"href":"http:\/\/ipariparkblog.hu\/en\/wp-json\/wp\/v2\/media?parent=34"}],"curies":[{"name":"wp","href":"https:\/\/api.w.org\/{rel}","templated":true}]}}