{"id":53,"date":"2014-05-05T11:38:50","date_gmt":"2014-05-05T11:38:50","guid":{"rendered":"http:\/\/ipariparkblog.hu\/en\/?page_id=53"},"modified":"2014-05-20T06:53:23","modified_gmt":"2014-05-20T06:53:23","slug":"an-agreement-has-been-concluded-between-the-college-of-szolnok-and-gima-szolnok-ipari-park-kft","status":"publish","type":"page","link":"http:\/\/ipariparkblog.hu\/en\/archive\/an-agreement-has-been-concluded-between-the-college-of-szolnok-and-gima-szolnok-ipari-park-kft\/","title":{"rendered":"An agreement has been concluded between the College of Szolnok and Gima Szolnok Ipari Park Kft."},"content":{"rendered":"<p>P\u00e9ter Sz\u00e9kely, Dr the rector of the College of Szolnok and L\u00e1szl\u00f3 Ko\u00f3s managing director of Gima Szolnok Ipari Park Kft. have signed an agreement on cooperation, in the frames whereof the College cooperates in the service, educational, tendering and R+D activities within the frame of Gima Szolnok Industrial Park Kft. By undersigning the agreement parties stated that the agreement assures only an opportunity to the parties but they need hard and persistent work to fulfil the opportunities outlined in the agreement with really serious content. In the first step the services of the College is intended to approximated to interested undertakings settled in the industrial park. Furthermore, they want to provide advisory, tendering and accounting services. Gima Szolnok Ipari Park Kft. wishes to help the students of the College to obtain professional practice and to choose subject for reserch thesis by involving undertakings in the program settled in the industrial park. Both parties have disclosed their confidence to realize a common project serving basicly new directional economical reasons, but this shall be handeled as confidential until termination of negotiations.<\/p>\n<p>Szolnok, 16th of March 2008<\/p>\n","protected":false},"excerpt":{"rendered":"<p>P\u00e9ter Sz\u00e9kely, Dr the rector of the College of Szolnok and L\u00e1szl\u00f3 Ko\u00f3s managing director of Gima Szolnok Ipari Park Kft. have signed an agreement on cooperation, in the frames whereof the College cooperates in the service, educational, tendering and &hellip; <a href=\"http:\/\/ipariparkblog.hu\/en\/archive\/an-agreement-has-been-concluded-between-the-college-of-szolnok-and-gima-szolnok-ipari-park-kft\/\">Continue reading <span class=\"meta-nav\">&rarr;<\/span><\/a><\/p>\n","protected":false},"author":8,"featured_media":0,"parent":14,"menu_order":96,"comment_status":"open","ping_status":"closed","template":"","meta":{"_mi_skip_tracking":false},"_links":{"self":[{"href":"http:\/\/ipariparkblog.hu\/en\/wp-json\/wp\/v2\/pages\/53"}],"collection":[{"href":"http:\/\/ipariparkblog.hu\/en\/wp-json\/wp\/v2\/pages"}],"about":[{"href":"http:\/\/ipariparkblog.hu\/en\/wp-json\/wp\/v2\/types\/page"}],"author":[{"embeddable":true,"href":"http:\/\/ipariparkblog.hu\/en\/wp-json\/wp\/v2\/users\/8"}],"replies":[{"embeddable":true,"href":"http:\/\/ipariparkblog.hu\/en\/wp-json\/wp\/v2\/comments?post=53"}],"version-history":[{"count":1,"href":"http:\/\/ipariparkblog.hu\/en\/wp-json\/wp\/v2\/pages\/53\/revisions"}],"predecessor-version":[{"id":54,"href":"http:\/\/ipariparkblog.hu\/en\/wp-json\/wp\/v2\/pages\/53\/revisions\/54"}],"up":[{"embeddable":true,"href":"http:\/\/ipariparkblog.hu\/en\/wp-json\/wp\/v2\/pages\/14"}],"wp:attachment":[{"href":"http:\/\/ipariparkblog.hu\/en\/wp-json\/wp\/v2\/media?parent=53"}],"curies":[{"name":"wp","href":"https:\/\/api.w.org\/{rel}","templated":true}]}}