{"id":57,"date":"2014-05-05T11:40:14","date_gmt":"2014-05-05T11:40:14","guid":{"rendered":"http:\/\/ipariparkblog.hu\/en\/?page_id=57"},"modified":"2014-05-20T06:53:08","modified_gmt":"2014-05-20T06:53:08","slug":"agreement-on-installation-of-energy-saving-lighting-systems","status":"publish","type":"page","link":"http:\/\/ipariparkblog.hu\/en\/archive\/agreement-on-installation-of-energy-saving-lighting-systems\/","title":{"rendered":"Agreement on installation of energy-saving lighting systems"},"content":{"rendered":"<p>On the 15th of April 2008 Gima Szolnok Ipari Park Kft. has agreed with ITL Energy Kft. on the propagation of energy-saving lighting systems to interested undertakings. Substance of the agreement is to present the intelligent energy-saving lighting systems developed by the Italian Beghelly company to interested parties. If they need the system, an offer will be made for installation after consultation and factual measurement. The essential thing is that the investment shall not be paid right away, it shall be paid even from energy savings during 7 years. According to experiences, besides advantages of the modern system the former energy will be 10% lower than before, instalments included. In case of agreement the industrial park contributes to realization and assures continuous maintenance of installed systems. Those who are interested shall contact Gergely Csonka or L\u00e1szl\u00f3 Ko\u00f3s in the industrial park.<\/p>\n<p>Szolnok, 20th of April 2008<\/p>\n","protected":false},"excerpt":{"rendered":"<p>On the 15th of April 2008 Gima Szolnok Ipari Park Kft. has agreed with ITL Energy Kft. on the propagation of energy-saving lighting systems to interested undertakings. Substance of the agreement is to present the intelligent energy-saving lighting systems developed &hellip; <a href=\"http:\/\/ipariparkblog.hu\/en\/archive\/agreement-on-installation-of-energy-saving-lighting-systems\/\">Continue reading <span class=\"meta-nav\">&rarr;<\/span><\/a><\/p>\n","protected":false},"author":8,"featured_media":0,"parent":14,"menu_order":95,"comment_status":"open","ping_status":"closed","template":"","meta":{"_mi_skip_tracking":false},"_links":{"self":[{"href":"http:\/\/ipariparkblog.hu\/en\/wp-json\/wp\/v2\/pages\/57"}],"collection":[{"href":"http:\/\/ipariparkblog.hu\/en\/wp-json\/wp\/v2\/pages"}],"about":[{"href":"http:\/\/ipariparkblog.hu\/en\/wp-json\/wp\/v2\/types\/page"}],"author":[{"embeddable":true,"href":"http:\/\/ipariparkblog.hu\/en\/wp-json\/wp\/v2\/users\/8"}],"replies":[{"embeddable":true,"href":"http:\/\/ipariparkblog.hu\/en\/wp-json\/wp\/v2\/comments?post=57"}],"version-history":[{"count":1,"href":"http:\/\/ipariparkblog.hu\/en\/wp-json\/wp\/v2\/pages\/57\/revisions"}],"predecessor-version":[{"id":58,"href":"http:\/\/ipariparkblog.hu\/en\/wp-json\/wp\/v2\/pages\/57\/revisions\/58"}],"up":[{"embeddable":true,"href":"http:\/\/ipariparkblog.hu\/en\/wp-json\/wp\/v2\/pages\/14"}],"wp:attachment":[{"href":"http:\/\/ipariparkblog.hu\/en\/wp-json\/wp\/v2\/media?parent=57"}],"curies":[{"name":"wp","href":"https:\/\/api.w.org\/{rel}","templated":true}]}}