{"id":83,"date":"2014-05-05T11:54:11","date_gmt":"2014-05-05T11:54:11","guid":{"rendered":"http:\/\/ipariparkblog.hu\/en\/?page_id=83"},"modified":"2016-05-05T11:05:50","modified_gmt":"2016-05-05T11:05:50","slug":"inportant-development-in-gima-szolnok-industrial-logistics-park","status":"publish","type":"page","link":"http:\/\/ipariparkblog.hu\/en\/archive\/inportant-development-in-gima-szolnok-industrial-logistics-park\/","title":{"rendered":"Important development in Gima Szolnok Industrial Logistics Park"},"content":{"rendered":"<p>After long negotiations installation of a manufactory introducing a state of the art technology has come near to us in the Gima Szolnok Industrial Logistics Park, at the development area under construction at \u00dajsz\u00e1szi \u00fat. The planned greenfield investment intends to establish a modern led manufactory. As a result of the investment more than 100 working place will be founded and a very new production technology can be introduced which may have a more important impact on the development of the park and of the industry of Szolnok as the present investment. Products produced by the factory can materially promote the changing of the obsolete and wasteful lighting units with new, energy-saving lighting units of the domestic lighting industry, which is the interest of the national economy by today&#8217;s energy prices.<\/p>\n<p style=\"text-align: center;\"><img decoding=\"async\" loading=\"lazy\" class=\"alignnone size-full wp-image-84\" src=\"http:\/\/ipariparkblog.hu\/en\/wp-content\/uploads\/sites\/4\/2014\/05\/megvalosult2_7k.jpg\" alt=\"megvalosult2_7k\" width=\"280\" height=\"140\" \/><\/p>\n","protected":false},"excerpt":{"rendered":"<p>After long negotiations installation of a manufactory introducing a state of the art technology has come near to us in the Gima Szolnok Industrial Logistics Park, at the development area under construction at \u00dajsz\u00e1szi \u00fat. The planned greenfield investment intends &hellip; <a href=\"http:\/\/ipariparkblog.hu\/en\/archive\/inportant-development-in-gima-szolnok-industrial-logistics-park\/\">Continue reading <span class=\"meta-nav\">&rarr;<\/span><\/a><\/p>\n","protected":false},"author":8,"featured_media":0,"parent":14,"menu_order":90,"comment_status":"open","ping_status":"closed","template":"","meta":{"_mi_skip_tracking":false},"_links":{"self":[{"href":"http:\/\/ipariparkblog.hu\/en\/wp-json\/wp\/v2\/pages\/83"}],"collection":[{"href":"http:\/\/ipariparkblog.hu\/en\/wp-json\/wp\/v2\/pages"}],"about":[{"href":"http:\/\/ipariparkblog.hu\/en\/wp-json\/wp\/v2\/types\/page"}],"author":[{"embeddable":true,"href":"http:\/\/ipariparkblog.hu\/en\/wp-json\/wp\/v2\/users\/8"}],"replies":[{"embeddable":true,"href":"http:\/\/ipariparkblog.hu\/en\/wp-json\/wp\/v2\/comments?post=83"}],"version-history":[{"count":3,"href":"http:\/\/ipariparkblog.hu\/en\/wp-json\/wp\/v2\/pages\/83\/revisions"}],"predecessor-version":[{"id":129,"href":"http:\/\/ipariparkblog.hu\/en\/wp-json\/wp\/v2\/pages\/83\/revisions\/129"}],"up":[{"embeddable":true,"href":"http:\/\/ipariparkblog.hu\/en\/wp-json\/wp\/v2\/pages\/14"}],"wp:attachment":[{"href":"http:\/\/ipariparkblog.hu\/en\/wp-json\/wp\/v2\/media?parent=83"}],"curies":[{"name":"wp","href":"https:\/\/api.w.org\/{rel}","templated":true}]}}