{"id":116,"date":"2014-08-14T09:34:47","date_gmt":"2014-08-14T09:34:47","guid":{"rendered":"http:\/\/ipariparkblog.hu\/en\/?page_id=116"},"modified":"2015-03-12T09:45:17","modified_gmt":"2015-03-12T09:45:17","slug":"the-technical-implementation-of-the-application-on-the-subject-of-development-of-a-competitive-business-environment-within-the-framework-of-the-economy-development-operative","status":"publish","type":"page","link":"https:\/\/ipariparkblog.hu\/en\/the-technical-implementation-of-the-application-on-the-subject-of-development-of-a-competitive-business-environment-within-the-framework-of-the-economy-development-operative\/","title":{"rendered":"The technical implementation of the application on the subject of \u201cDevelopment of a Competitive Business Environment\u201d within the framework of the \u201cEconomy Development Operative Program\u201d in the GIMA Szolnok Industrial Park."},"content":{"rendered":"<p><strong>The technical implementation of the application on the subject of \u201cDevelopment of a Competitive Business Environment\u201d within the framework of the \u201cEconomy Development Operative Program\u201d in the GIMA Szolnok Industrial Park.<br \/>\n<\/strong><img decoding=\"async\" loading=\"lazy\" class=\" size-medium wp-image-543 alignright\" style=\"margin-right:20px;\" src=\"http:\/\/ipariparkblog.hu\/wp-content\/uploads\/2014\/08\/gop-300x207.png\" alt=\"gop\" width=\"300\" height=\"207\" \/><\/p>\n<p><strong>The competitiveness provided by the modern and developed business environment ensures operating and economic advantages for the enterprises wanting to settle in the Industrial Park later and those currently working in the park. An integrated part of the basic infrastructure provided by the park is the information technological background. This information communication potential is of prominent importance in order to ensure competitiveness, therefore GIMA Szolnok Ipari Park Kft. deals with it as a prominent target field, and as possible, it brings these modern information communication technologies within accessible closeness \u2013 through partnerships \u2013 for its partners, companies working in the industrial park.\u00a0 <\/strong><\/p>\n<p>Therefore the development aims worded in the GOP-2013-3.3.2 application on the subject of \u201cDevelopment of a Competitive Business Environment\u201d entering the implementation phase are integrally adapted to the objectives of the previously implemented \u201cInfrastructure, IT Service House and Entrepreneurs\u2019 House Development Projects\u201d.<\/p>\n<p>The aim of the Industrial Park is to provide wideband internet service operating with the most up-to-date technology for the companies wanting to settle within the framework of the project. A part of the development implemented in the project is expansion of the information communication basic infrastructure covering several areas \u2013 wideband internet service -, as well as the existing service portfolios. The transmission technical system to be procured is adjusted to the special expectations arising from the nature of the development. The optic network to be built up, (installation of IP telephone), the licences related to the development (storage, recording of digital contents, application of virtualisation technologies, WEB technologies), the rights to use resources, as well as the migration tasks, the WEB-based integration of the system all serve the provision of the competitive business environment for both the market partners and those wanting to settle.<\/p>\n<p>The development to be implemented consists of the following main parts:<\/p>\n<p>&#8211; procurement of devices for the wideband optic network, obtaining licences, utilization of services, as well as marketing activities connecting to release in the market.<\/p>\n<p>The scheduled implementation period of the project is from 02.01.2014 to 31.12.2015.<\/p>\n<p>The total budget of the project is nearly 500 million HUF, to which GIMA Szolnok Ipari Park Kft. contributes with HUF 243,190,570, the European Union within the framework of the Economy Development Operative Program with HUF 206,711,984, and the Hungarian State from the budget with a subsidy of HUF 36,478,586.<\/p>\n<p>More detailed information on the project can be found in the <a href=\"http:\/\/www.szolnokiiparipark.hu\">www.szolnokiiparipark.hu<\/a> website.<\/p>\n<p>More information related to the technical implementation of the project can be asked for through the following availability:<\/p>\n<p>L\u00e1szl\u00f3 Ko\u00f3s<\/p>\n<p>e-mail: laszlo.koos@t-email.hu<\/p>\n<p>Availability: Mobile: 06 30\/955-2858<\/p>\n","protected":false},"excerpt":{"rendered":"<p>The technical implementation of the application on the subject of \u201cDevelopment of a Competitive Business Environment\u201d within the framework of the \u201cEconomy Development Operative Program\u201d in the GIMA Szolnok Industrial Park. The competitiveness provided by the modern and developed business &hellip; <a href=\"https:\/\/ipariparkblog.hu\/en\/the-technical-implementation-of-the-application-on-the-subject-of-development-of-a-competitive-business-environment-within-the-framework-of-the-economy-development-operative\/\">Continue reading <span class=\"meta-nav\">&rarr;<\/span><\/a><\/p>\n","protected":false},"author":8,"featured_media":0,"parent":0,"menu_order":0,"comment_status":"closed","ping_status":"open","template":"","meta":{"_mi_skip_tracking":false},"_links":{"self":[{"href":"https:\/\/ipariparkblog.hu\/en\/wp-json\/wp\/v2\/pages\/116"}],"collection":[{"href":"https:\/\/ipariparkblog.hu\/en\/wp-json\/wp\/v2\/pages"}],"about":[{"href":"https:\/\/ipariparkblog.hu\/en\/wp-json\/wp\/v2\/types\/page"}],"author":[{"embeddable":true,"href":"https:\/\/ipariparkblog.hu\/en\/wp-json\/wp\/v2\/users\/8"}],"replies":[{"embeddable":true,"href":"https:\/\/ipariparkblog.hu\/en\/wp-json\/wp\/v2\/comments?post=116"}],"version-history":[{"count":3,"href":"https:\/\/ipariparkblog.hu\/en\/wp-json\/wp\/v2\/pages\/116\/revisions"}],"predecessor-version":[{"id":119,"href":"https:\/\/ipariparkblog.hu\/en\/wp-json\/wp\/v2\/pages\/116\/revisions\/119"}],"wp:attachment":[{"href":"https:\/\/ipariparkblog.hu\/en\/wp-json\/wp\/v2\/media?parent=116"}],"curies":[{"name":"wp","href":"https:\/\/api.w.org\/{rel}","templated":true}]}}